{"id":3285,"date":"2020-07-26T02:43:14","date_gmt":"2020-07-26T04:43:14","guid":{"rendered":"https:\/\/bim.smartinnovates.com\/landing\/?page_id=3285"},"modified":"2021-03-13T21:32:12","modified_gmt":"2021-03-13T23:32:12","slug":"entradas","status":"publish","type":"page","link":"https:\/\/blog.lossrestorations.com\/es\/entradas\/","title":{"rendered":"Entradas"},"content":{"rendered":"\t\t<div data-elementor-type=\"wp-page\" data-elementor-id=\"3285\" class=\"elementor elementor-3285\" data-elementor-settings=\"[]\">\n\t\t\t\t\t\t<div class=\"elementor-inner\">\n\t\t\t\t\t\t\t<div class=\"elementor-section-wrap\">\n\t\t\t\t\t\t\t<section class=\"elementor-section elementor-top-section elementor-element elementor-element-2d51c13 elementor-section-full_width elementor-section-height-default elementor-section-height-default\" data-id=\"2d51c13\" data-element_type=\"section\" data-settings=\"{&quot;background_background&quot;:&quot;classic&quot;}\">\n\t\t\t\t\t\t<div class=\"elementor-container elementor-column-gap-no\">\n\t\t\t\t\t\t\t<div class=\"elementor-row\">\n\t\t\t\t\t<div class=\"elementor-column elementor-col-100 elementor-top-column elementor-element elementor-element-12bbcea\" data-id=\"12bbcea\" data-element_type=\"column\" data-settings=\"{&quot;background_background&quot;:&quot;classic&quot;}\">\n\t\t\t<div class=\"elementor-column-wrap elementor-element-populated\">\n\t\t\t\t\t\t\t<div class=\"elementor-widget-wrap\">\n\t\t\t\t\t\t<section class=\"elementor-section elementor-inner-section elementor-element elementor-element-b2601f1 elementor-section-boxed elementor-section-height-default elementor-section-height-default\" data-id=\"b2601f1\" data-element_type=\"section\" data-settings=\"{&quot;background_background&quot;:&quot;slideshow&quot;,&quot;background_slideshow_gallery&quot;:[{&quot;id&quot;:3695,&quot;url&quot;:&quot;https:\\\/\\\/blog.lossrestorations.com\\\/wp-content\\\/uploads\\\/2021\\\/01\\\/1.jpg&quot;},{&quot;id&quot;:3694,&quot;url&quot;:&quot;https:\\\/\\\/blog.lossrestorations.com\\\/wp-content\\\/uploads\\\/2021\\\/01\\\/2.jpg&quot;},{&quot;id&quot;:3693,&quot;url&quot;:&quot;https:\\\/\\\/blog.lossrestorations.com\\\/wp-content\\\/uploads\\\/2021\\\/01\\\/3.jpg&quot;},{&quot;id&quot;:3692,&quot;url&quot;:&quot;https:\\\/\\\/blog.lossrestorations.com\\\/wp-content\\\/uploads\\\/2021\\\/01\\\/4.jpg&quot;}],&quot;background_slideshow_loop&quot;:&quot;yes&quot;,&quot;background_slideshow_slide_duration&quot;:5000,&quot;background_slideshow_slide_transition&quot;:&quot;fade&quot;,&quot;background_slideshow_transition_duration&quot;:500}\">\n\t\t\t\t\t\t\t<div class=\"elementor-background-overlay\"><\/div>\n\t\t\t\t\t\t\t<div class=\"elementor-container elementor-column-gap-default\">\n\t\t\t\t\t\t\t<div class=\"elementor-row\">\n\t\t\t\t\t<div class=\"elementor-column elementor-col-100 elementor-inner-column elementor-element elementor-element-f7e91ea\" data-id=\"f7e91ea\" data-element_type=\"column\" data-settings=\"{&quot;background_background&quot;:&quot;classic&quot;}\">\n\t\t\t<div class=\"elementor-column-wrap elementor-element-populated\">\n\t\t\t\t\t\t\t<div class=\"elementor-widget-wrap\">\n\t\t\t\t\t\t<div class=\"elementor-element elementor-element-d17a3ff elementor-widget elementor-widget-image\" data-id=\"d17a3ff\" data-element_type=\"widget\" data-widget_type=\"image.default\">\n\t\t\t\t<div class=\"elementor-widget-container\">\n\t\t\t\t\t<div class=\"elementor-image\">\n\t\t\t\t\t\t\t\t\t\t<img src=\"https:\/\/blog.lossrestorations.com\/wp-content\/uploads\/elementor\/thumbs\/logo-white-wide-p12sxiln8qhu5a5bb955hx2305zra6pnc0ui27e7kg.png\" title=\"logo-white-wide\" alt=\"logo-white-wide\" \/>\t\t\t\t\t\t\t\t\t\t\t<\/div>\n\t\t\t\t<\/div>\n\t\t\t\t<\/div>\n\t\t\t\t\t\t<\/div>\n\t\t\t\t\t<\/div>\n\t\t<\/div>\n\t\t\t\t\t\t\t\t<\/div>\n\t\t\t\t\t<\/div>\n\t\t<\/section>\n\t\t\t\t<section class=\"elementor-section elementor-inner-section elementor-element elementor-element-55d7af5 elementor-section-boxed elementor-section-height-default elementor-section-height-default\" data-id=\"55d7af5\" data-element_type=\"section\">\n\t\t\t\t\t\t<div class=\"elementor-container elementor-column-gap-default\">\n\t\t\t\t\t\t\t<div class=\"elementor-row\">\n\t\t\t\t\t<div class=\"elementor-column elementor-col-100 elementor-inner-column elementor-element elementor-element-3bef0dc\" data-id=\"3bef0dc\" data-element_type=\"column\">\n\t\t\t<div class=\"elementor-column-wrap elementor-element-populated\">\n\t\t\t\t\t\t\t<div class=\"elementor-widget-wrap\">\n\t\t\t\t\t\t<div class=\"elementor-element elementor-element-179de55 elementor-widget elementor-widget-bim-post\" data-id=\"179de55\" data-element_type=\"widget\" data-widget_type=\"bim-post.default\">\n\t\t\t\t<div class=\"elementor-widget-container\">\n\t\t\t\t        \t\t\t<div class=\"blog-post-list row clearfix blog-body blog-style-1\">\r\n\t                         \r\n\t                        <div class=\"col-md-6\">\r\n\t                        \t<div class=\"blog-col-inner\">\r\n\t\t\t\t\t\t\t\t\t\t                                <div class=\"blog-link-img\"> \r\n\t                                    <img width=\"1280\" height=\"1280\" src=\"https:\/\/blog.lossrestorations.com\/wp-content\/uploads\/2021\/03\/What-is-humidity-and-how-to-combat-it-in-floors-and-walls.jpg\" class=\"attachment-post-thumbnail size-post-thumbnail wp-post-image\" alt=\"What is humidity and how to combat it in floors and walls\" loading=\"lazy\" \/>\t                                            \r\n\t                                     \t                                            <div class=\"cat-post\">\r\n\t                                               <i class=\"fa fa-clone\"><\/i> <a href=\"https:\/\/blog.lossrestorations.com\/es\/category\/agua\/\" rel=\"category tag\">Agua<\/a> | <a href=\"https:\/\/blog.lossrestorations.com\/es\/category\/moho\/\" rel=\"category tag\">Moho<\/a>\t                                            <\/div>\r\n\t                                    \t                                <\/div>\r\n\t                                \t                                \r\n\t                                <div class=\"excerpt-box\">\r\n\t                                    <a href=\"https:\/\/blog.lossrestorations.com\/es\/que-es-la-humedad-y-como-combatirla-en-suelos-y-paredes\/\"><h3>\u00bfQu\u00e9 es la humedad y c\u00f3mo combatirla en suelos y paredes?<\/h3><\/a>\r\n\t                                    \r\n\t                                    \t                                    <ul class=\"post-meta\">\r\n\t                                        <li><i class=\"lnr lnr-user fw-600\"><\/i> <a href=\"https:\/\/blog.lossrestorations.com\/es\/author\/carlos\/\" title=\"Entradas de Carlos\" rel=\"author\">Carlos<\/a><\/li>\r\n\t                                        <li><i class=\"lnr lnr-clock fw-600\"><\/i> 2021-09-19<\/li>\r\n\t                                    <\/ul>\r\n\t                                    \t                                    \r\n\t                                    \t                                    <p class=\"excerpt\">\r\n\t                                        Una de las evidencias que hay humedad es la aparici\u00f3n de algunos charcos, manchas de color blanco y moho, posterior estos s\u00edntomas provocan las filt...\t                                    <\/p>\r\n\t                                    \t                                    \r\n\t                                    \t                                    \r\n\t                                    \t                                        <a class=\"content-btn\" href=\"https:\/\/blog.lossrestorations.com\/es\/que-es-la-humedad-y-como-combatirla-en-suelos-y-paredes\/\">\r\n\t                                        \r\n\t                                        \t                                        \r\n\t\t\t\t\t\t\t\t\t\t\tLeer M\u00e1s\t                                        <\/a>\r\n\t                                    \t                                <\/div>\r\n\t                                \r\n\t                            <\/div>\r\n\t                        <\/div>\r\n\t                        \r\n\t                         \r\n\t                        <div class=\"col-md-6\">\r\n\t                        \t<div class=\"blog-col-inner\">\r\n\t\t\t\t\t\t\t\t\t\t                                <div class=\"blog-link-img\"> \r\n\t                                    <img width=\"1280\" height=\"1280\" src=\"https:\/\/blog.lossrestorations.com\/wp-content\/uploads\/2021\/04\/Bathrooms-and-their-humidity-problems.png\" class=\"attachment-post-thumbnail size-post-thumbnail wp-post-image\" alt=\"Bathrooms and their humidity problems\" loading=\"lazy\" \/>\t                                            \r\n\t                                     \t                                            <div class=\"cat-post\">\r\n\t                                               <i class=\"fa fa-clone\"><\/i> <a href=\"https:\/\/blog.lossrestorations.com\/es\/category\/agua\/\" rel=\"category tag\">Agua<\/a> | <a href=\"https:\/\/blog.lossrestorations.com\/es\/category\/moho\/\" rel=\"category tag\">Moho<\/a>\t                                            <\/div>\r\n\t                                    \t                                <\/div>\r\n\t                                \t                                \r\n\t                                <div class=\"excerpt-box\">\r\n\t                                    <a href=\"https:\/\/blog.lossrestorations.com\/es\/evita-la-humedad-en-tus-salas-de-bano\/\"><h3>Las salas de ba\u00f1o y sus problemas de humedad<\/h3><\/a>\r\n\t                                    \r\n\t                                    \t                                    <ul class=\"post-meta\">\r\n\t                                        <li><i class=\"lnr lnr-user fw-600\"><\/i> <a href=\"https:\/\/blog.lossrestorations.com\/es\/author\/carlos\/\" title=\"Entradas de Carlos\" rel=\"author\">Carlos<\/a><\/li>\r\n\t                                        <li><i class=\"lnr lnr-clock fw-600\"><\/i> 2021-09-17<\/li>\r\n\t                                    <\/ul>\r\n\t                                    \t                                    \r\n\t                                    \t                                    <p class=\"excerpt\">\r\n\t                                        Desde hoy mismo evita la humedad en tus salas de ba\u00f1o. Pues la higiene personal es un acto que los seres humanos realizan aplicando t\u00e9cnicas para el...\t                                    <\/p>\r\n\t                                    \t                                    \r\n\t                                    \t                                    \r\n\t                                    \t                                        <a class=\"content-btn\" href=\"https:\/\/blog.lossrestorations.com\/es\/evita-la-humedad-en-tus-salas-de-bano\/\">\r\n\t                                        \r\n\t                                        \t                                        \r\n\t\t\t\t\t\t\t\t\t\t\tLeer M\u00e1s\t                                        <\/a>\r\n\t                                    \t                                <\/div>\r\n\t                                \r\n\t                            <\/div>\r\n\t                        <\/div>\r\n\t                        \r\n\t                         \r\n\t                        <div class=\"col-md-6\">\r\n\t                        \t<div class=\"blog-col-inner\">\r\n\t\t\t\t\t\t\t\t\t\t                                <div class=\"blog-link-img\"> \r\n\t                                    <img width=\"1280\" height=\"1280\" src=\"https:\/\/blog.lossrestorations.com\/wp-content\/uploads\/2021\/04\/How-to-avoid-humidity-in-floors-1.png\" class=\"attachment-post-thumbnail size-post-thumbnail wp-post-image\" alt=\"How to avoid humidity in floors\" loading=\"lazy\" \/>\t                                            \r\n\t                                     \t                                            <div class=\"cat-post\">\r\n\t                                               <i class=\"fa fa-clone\"><\/i> <a href=\"https:\/\/blog.lossrestorations.com\/es\/category\/agua\/\" rel=\"category tag\">Agua<\/a> | <a href=\"https:\/\/blog.lossrestorations.com\/es\/category\/moho\/\" rel=\"category tag\">Moho<\/a>\t                                            <\/div>\r\n\t                                    \t                                <\/div>\r\n\t                                \t                                \r\n\t                                <div class=\"excerpt-box\">\r\n\t                                    <a href=\"https:\/\/blog.lossrestorations.com\/es\/aprende-hoy-como-evitar-la-humedad-en-pisos\/\"><h3>\u00bfC\u00f3mo evitar la humedad en pisos?<\/h3><\/a>\r\n\t                                    \r\n\t                                    \t                                    <ul class=\"post-meta\">\r\n\t                                        <li><i class=\"lnr lnr-user fw-600\"><\/i> <a href=\"https:\/\/blog.lossrestorations.com\/es\/author\/carlos\/\" title=\"Entradas de Carlos\" rel=\"author\">Carlos<\/a><\/li>\r\n\t                                        <li><i class=\"lnr lnr-clock fw-600\"><\/i> 2021-09-15<\/li>\r\n\t                                    <\/ul>\r\n\t                                    \t                                    \r\n\t                                    \t                                    <p class=\"excerpt\">\r\n\t                                        Una de los problemas que podemos conseguir en nuestra casa o negocio es la presencia de humedad en pisos. Es un problema que no podemos pasarlo desape...\t                                    <\/p>\r\n\t                                    \t                                    \r\n\t                                    \t                                    \r\n\t                                    \t                                        <a class=\"content-btn\" href=\"https:\/\/blog.lossrestorations.com\/es\/aprende-hoy-como-evitar-la-humedad-en-pisos\/\">\r\n\t                                        \r\n\t                                        \t                                        \r\n\t\t\t\t\t\t\t\t\t\t\tLeer M\u00e1s\t                                        <\/a>\r\n\t                                    \t                                <\/div>\r\n\t                                \r\n\t                            <\/div>\r\n\t                        <\/div>\r\n\t                        \r\n\t                         \r\n\t                        <div class=\"col-md-6\">\r\n\t                        \t<div class=\"blog-col-inner\">\r\n\t\t\t\t\t\t\t\t\t\t                                <div class=\"blog-link-img\"> \r\n\t                                    <img width=\"2560\" height=\"2560\" src=\"https:\/\/blog.lossrestorations.com\/wp-content\/uploads\/2021\/04\/Fire-damage-to-homes-What-to-do-scaled.jpg\" class=\"attachment-post-thumbnail size-post-thumbnail wp-post-image\" alt=\"Fire damage to homes What to do\" loading=\"lazy\" \/>\t                                            \r\n\t                                     \t                                            <div class=\"cat-post\">\r\n\t                                               <i class=\"fa fa-clone\"><\/i> <a href=\"https:\/\/blog.lossrestorations.com\/es\/category\/fuego\/\" rel=\"category tag\">Fuego<\/a>\t                                            <\/div>\r\n\t                                    \t                                <\/div>\r\n\t                                \t                                \r\n\t                                <div class=\"excerpt-box\">\r\n\t                                    <a href=\"https:\/\/blog.lossrestorations.com\/es\/que-hacer-por-los-danos-de-incendios-de-viviendas\/\"><h3>Da\u00f1os de incendios en viviendas \u00bfQu\u00e9 hacer?<\/h3><\/a>\r\n\t                                    \r\n\t                                    \t                                    <ul class=\"post-meta\">\r\n\t                                        <li><i class=\"lnr lnr-user fw-600\"><\/i> <a href=\"https:\/\/blog.lossrestorations.com\/es\/author\/carlos\/\" title=\"Entradas de Carlos\" rel=\"author\">Carlos<\/a><\/li>\r\n\t                                        <li><i class=\"lnr lnr-clock fw-600\"><\/i> 2021-09-13<\/li>\r\n\t                                    <\/ul>\r\n\t                                    \t                                    \r\n\t                                    \t                                    <p class=\"excerpt\">\r\n\t                                        Descubre de la mejor manera \u00bfQu\u00e9 hacer por los da\u00f1os de incendios en viviendas? Pues los da\u00f1os originados por el fuego son tremendos, ya que en po...\t                                    <\/p>\r\n\t                                    \t                                    \r\n\t                                    \t                                    \r\n\t                                    \t                                        <a class=\"content-btn\" href=\"https:\/\/blog.lossrestorations.com\/es\/que-hacer-por-los-danos-de-incendios-de-viviendas\/\">\r\n\t                                        \r\n\t                                        \t                                        \r\n\t\t\t\t\t\t\t\t\t\t\tLeer M\u00e1s\t                                        <\/a>\r\n\t                                    \t                                <\/div>\r\n\t                                \r\n\t                            <\/div>\r\n\t                        <\/div>\r\n\t                        \r\n\t                        \t                   <\/div>\r\n                   \r\n                   <!--pagination--> \r\n                   <ul class='pagination'><li class='active'><a href='#' >1<\/a><\/li><li><a href='https:\/\/blog.lossrestorations.com\/es\/wp-json\/wp\/v2\/pages\/3285\/page\/2\/' class='inactive' >2<\/a><\/li><li><a href='https:\/\/blog.lossrestorations.com\/es\/wp-json\/wp\/v2\/pages\/3285\/page\/3\/' class='inactive' >3<\/a><\/li><li><a href='https:\/\/blog.lossrestorations.com\/es\/wp-json\/wp\/v2\/pages\/3285\/page\/2\/'>&rsaquo;<\/a><\/li><li><a href='https:\/\/blog.lossrestorations.com\/es\/wp-json\/wp\/v2\/pages\/3285\/page\/10\/'>&raquo;<\/a><\/li><\/ul>\n\t\t<\/div>\n\t\t\t\t<\/div>\n\t\t\t\t\t\t<\/div>\n\t\t\t\t\t<\/div>\n\t\t<\/div>\n\t\t\t\t\t\t\t\t<\/div>\n\t\t\t\t\t<\/div>\n\t\t<\/section>\n\t\t\t\t\t\t<\/div>\n\t\t\t\t\t<\/div>\n\t\t<\/div>\n\t\t\t\t\t\t\t\t<\/div>\n\t\t\t\t\t<\/div>\n\t\t<\/section>\n\t\t\t\t\t\t<\/div>\n\t\t\t\t\t\t<\/div>\n\t\t\t\t\t<\/div>\n\t\t","protected":false},"excerpt":{"rendered":"<p>Agua | Moho \u00bfC\u00f3mo saber que necesitas reparaciones a causa de la humedad en tu vivienda o comercio? Carlos 2021-03-19 Para nadie es un misterio que la humedad es un problema que en muchos casos suele ser extremadamente estresante. Y es que, a nadie le gustar\u00eda que su&#8230; Leer M\u00e1s Moho \u00bfA qu\u00e9 se llama proceso de secado y deshumidificaci\u00f3n? &hellip;<\/p>\n","protected":false},"author":1,"featured_media":0,"parent":0,"menu_order":0,"comment_status":"closed","ping_status":"closed","template":"blank-builder.php","meta":[],"translation":{"provider":"WPGlobus","version":"2.8.1","language":"es","enabled_languages":["en","es"],"languages":{"en":{"title":true,"content":true,"excerpt":false},"es":{"title":false,"content":false,"excerpt":false}}},"aioseo_notices":[],"_links":{"self":[{"href":"https:\/\/blog.lossrestorations.com\/es\/wp-json\/wp\/v2\/pages\/3285"}],"collection":[{"href":"https:\/\/blog.lossrestorations.com\/es\/wp-json\/wp\/v2\/pages"}],"about":[{"href":"https:\/\/blog.lossrestorations.com\/es\/wp-json\/wp\/v2\/types\/page"}],"author":[{"embeddable":true,"href":"https:\/\/blog.lossrestorations.com\/es\/wp-json\/wp\/v2\/users\/1"}],"replies":[{"embeddable":true,"href":"https:\/\/blog.lossrestorations.com\/es\/wp-json\/wp\/v2\/comments?post=3285"}],"version-history":[{"count":79,"href":"https:\/\/blog.lossrestorations.com\/es\/wp-json\/wp\/v2\/pages\/3285\/revisions"}],"predecessor-version":[{"id":3973,"href":"https:\/\/blog.lossrestorations.com\/es\/wp-json\/wp\/v2\/pages\/3285\/revisions\/3973"}],"wp:attachment":[{"href":"https:\/\/blog.lossrestorations.com\/es\/wp-json\/wp\/v2\/media?parent=3285"}],"curies":[{"name":"wp","href":"https:\/\/api.w.org\/{rel}","templated":true}]}}